{"id":58,"date":"2021-08-15T23:02:59","date_gmt":"2021-08-15T23:02:59","guid":{"rendered":"http:\/\/shabani-putz.de\/?page_id=58"},"modified":"2021-08-16T01:16:10","modified_gmt":"2021-08-16T01:16:10","slug":"willkommen-bei-shabani-bau","status":"publish","type":"page","link":"https:\/\/shabani-putz.de\/","title":{"rendered":"Startseite"},"content":{"rendered":"\n<h2>Willkommen bei Shabani Bau<\/h2>\n\n\n\n<p style=\"text-align:left\" class=\"has-medium-font-size\"><strong>Ihr kompetenter Partner im Bau aus Heppingen.<\/strong><\/p>\n\n\n\n<p><\/p>\n\n\n\n<p>Wir sanieren Putz, Estrich und W\u00e4rmed\u00e4mmverbundsysteme nach Flutsch\u00e4den.<\/p>\n\n\n\n<p class=\"has-medium-font-size\">Unsere Kernkompetenzen:<\/p>\n\n\n\n<ul><li>Innenputz<\/li><li>Au\u00dfenputz<\/li><li>Estrich<\/li><li>Abbruch<\/li><li>W\u00e4rmed\u00e4mmverbundsysteme<\/li><li>Renovierung<\/li><li>Trockenbau<\/li><\/ul>\n\n\n\n<p><br><\/p>\n\n\n\n<p>Telefon: 01777923403<\/p>\n\n\n\n<p>Email: info@shabani-putz.de<\/p>\n","protected":false},"excerpt":{"rendered":"<p>Willkommen bei Shabani Bau Ihr kompetenter Partner im Bau aus Heppingen. Wir sanieren Putz, Estrich und W\u00e4rmed\u00e4mmverbundsysteme nach Flutsch\u00e4den. Unsere Kernkompetenzen: Innenputz Au\u00dfenputz Estrich Abbruch W\u00e4rmed\u00e4mmverbundsysteme Renovierung Trockenbau Telefon: 01777923403 Email: info@shabani-putz.de<\/p>\n","protected":false},"author":1,"featured_media":0,"parent":0,"menu_order":0,"comment_status":"closed","ping_status":"closed","template":"","meta":[],"_links":{"self":[{"href":"https:\/\/shabani-putz.de\/index.php?rest_route=\/wp\/v2\/pages\/58"}],"collection":[{"href":"https:\/\/shabani-putz.de\/index.php?rest_route=\/wp\/v2\/pages"}],"about":[{"href":"https:\/\/shabani-putz.de\/index.php?rest_route=\/wp\/v2\/types\/page"}],"author":[{"embeddable":true,"href":"https:\/\/shabani-putz.de\/index.php?rest_route=\/wp\/v2\/users\/1"}],"replies":[{"embeddable":true,"href":"https:\/\/shabani-putz.de\/index.php?rest_route=%2Fwp%2Fv2%2Fcomments&post=58"}],"version-history":[{"count":6,"href":"https:\/\/shabani-putz.de\/index.php?rest_route=\/wp\/v2\/pages\/58\/revisions"}],"predecessor-version":[{"id":92,"href":"https:\/\/shabani-putz.de\/index.php?rest_route=\/wp\/v2\/pages\/58\/revisions\/92"}],"wp:attachment":[{"href":"https:\/\/shabani-putz.de\/index.php?rest_route=%2Fwp%2Fv2%2Fmedia&parent=58"}],"curies":[{"name":"wp","href":"https:\/\/api.w.org\/{rel}","templated":true}]}}